{"id":10,"date":"2026-03-04T16:20:41","date_gmt":"2026-03-04T16:20:41","guid":{"rendered":"https:\/\/jardindestraverses.org\/?page_id=10"},"modified":"2026-03-11T09:51:47","modified_gmt":"2026-03-11T09:51:47","slug":"coming-soon","status":"publish","type":"page","link":"https:\/\/jardindestraverses.org\/coming-soon\/","title":{"rendered":"Coming soon"},"content":{"rendered":"\t\t<div data-elementor-type=\"wp-page\" data-elementor-id=\"10\" class=\"elementor elementor-10\" data-elementor-post-type=\"page\">\n\t\t\t\t<div class=\"elementor-element elementor-element-875e40b e-flex e-con-boxed e-con e-parent\" data-id=\"875e40b\" data-element_type=\"container\" data-e-type=\"container\" data-settings=\"{&quot;background_background&quot;:&quot;classic&quot;}\">\n\t\t\t\t\t<div class=\"e-con-inner\">\n\t\t<div class=\"elementor-element elementor-element-8a3af84 e-con-full e-flex e-con e-child\" data-id=\"8a3af84\" data-element_type=\"container\" data-e-type=\"container\">\n\t\t<div class=\"elementor-element elementor-element-230feca e-con-full e-flex e-con e-child\" data-id=\"230feca\" data-element_type=\"container\" data-e-type=\"container\">\n\t\t\t\t<div class=\"elementor-element elementor-element-228573b elementor-widget elementor-widget-heading\" data-id=\"228573b\" data-element_type=\"widget\" data-e-type=\"widget\" data-widget_type=\"heading.default\">\n\t\t\t\t\t<h2 class=\"elementor-heading-title elementor-size-default\">Le site du Jardin des Traverses fait peau neuve \ud83d\udee0\ufe0f<\/h2>\t\t\t\t<\/div>\n\t\t\t\t<div class=\"elementor-element elementor-element-a8ba894 elementor-widget elementor-widget-text-editor\" data-id=\"a8ba894\" data-element_type=\"widget\" data-e-type=\"widget\" data-widget_type=\"text-editor.default\">\n\t\t\t\t\t\t\t\t\tNotre site est actuellement en cours de refonte pour vous offrir une exp\u00e9rience plus belle, plus claire et plus compl\u00e8te. Tr\u00e8s bient\u00f4t, vous pourrez y retrouver : Toute la programmation artistique et culturelle, la carte du bar et du restaurant, nos actualit\u00e9s et \u00e9v\u00e9nements. En attendant, suivez-nous sur Instagram pour ne rien manquer et \u00eatre inform\u00e9\u00b7e de la mise en ligne du nouveau site :\t\t\t\t\t\t\t\t<\/div>\n\t\t\t\t<div class=\"elementor-element elementor-element-025594d elementor-align-center elementor-widget elementor-widget-button\" data-id=\"025594d\" data-element_type=\"widget\" data-e-type=\"widget\" data-widget_type=\"button.default\">\n\t\t\t\t\t\t\t\t\t\t<a class=\"elementor-button elementor-button-link elementor-size-sm\" href=\"https:\/\/www.instagram.com\/jardindestraverses\">\n\t\t\t\t\t\t<span class=\"elementor-button-content-wrapper\">\n\t\t\t\t\t\t\t\t\t<span class=\"elementor-button-text\">NOUS SUIVRE<\/span>\n\t\t\t\t\t<\/span>\n\t\t\t\t\t<\/a>\n\t\t\t\t\t\t\t\t<\/div>\n\t\t\t\t<\/div>\n\t\t\t\t<div class=\"elementor-element elementor-element-e41a8de elementor-widget-divider--view-line elementor-widget elementor-widget-divider\" data-id=\"e41a8de\" data-element_type=\"widget\" data-e-type=\"widget\" data-widget_type=\"divider.default\">\n\t\t\t\t\t\t\t<div class=\"elementor-divider\">\n\t\t\t<span class=\"elementor-divider-separator\">\n\t\t\t\t\t\t<\/span>\n\t\t<\/div>\n\t\t\t\t\t\t<\/div>\n\t\t<div class=\"elementor-element elementor-element-c19fb03 e-con-full e-flex e-con e-child\" data-id=\"c19fb03\" data-element_type=\"container\" data-e-type=\"container\">\n\t\t<div class=\"elementor-element elementor-element-bea8722 e-con-full e-flex e-con e-child\" data-id=\"bea8722\" data-element_type=\"container\" data-e-type=\"container\">\n\t\t\t\t<div class=\"elementor-element elementor-element-44236f2 elementor-widget elementor-widget-heading\" data-id=\"44236f2\" data-element_type=\"widget\" data-e-type=\"widget\" data-widget_type=\"heading.default\">\n\t\t\t\t\t<h5 class=\"elementor-heading-title elementor-size-default\">R\u00e9ouverture officielle de la saison artistique et culturelle<\/h5>\t\t\t\t<\/div>\n\t\t\t\t<div class=\"elementor-element elementor-element-f952170 elementor-widget elementor-widget-text-editor\" data-id=\"f952170\" data-element_type=\"widget\" data-e-type=\"widget\" data-widget_type=\"text-editor.default\">\n\t\t\t\t\t\t\t\t\tsamedi 21 mars\t\t\t\t\t\t\t\t<\/div>\n\t\t\t\t<div class=\"elementor-element elementor-element-6db7ade elementor-widget elementor-widget-text-editor\" data-id=\"6db7ade\" data-element_type=\"widget\" data-e-type=\"widget\" data-widget_type=\"text-editor.default\">\n\t\t\t\t\t\t\t\t\tOn a h\u00e2te de vous retrouver au jardin !\t\t\t\t\t\t\t\t<\/div>\n\t\t\t\t<\/div>\n\t\t\t\t<div class=\"elementor-element elementor-element-2648393 elementor-align-center elementor-widget elementor-widget-button\" data-id=\"2648393\" data-element_type=\"widget\" data-e-type=\"widget\" data-widget_type=\"button.default\">\n\t\t\t\t\t\t\t\t\t\t<a class=\"elementor-button elementor-button-link elementor-size-sm\" href=\"https:\/\/maps.app.goo.gl\/BKzMpznTkG1wfLpe8\">\n\t\t\t\t\t\t<span class=\"elementor-button-content-wrapper\">\n\t\t\t\t\t\t\t\t\t<span class=\"elementor-button-text\">VENIR AU JARDIN<\/span>\n\t\t\t\t\t<\/span>\n\t\t\t\t\t<\/a>\n\t\t\t\t\t\t\t\t<\/div>\n\t\t\t\t<\/div>\n\t\t\t\t<\/div>\n\t\t\t\t<div class=\"elementor-element elementor-element-6dd13b2 elementor-widget elementor-widget-text-editor\" data-id=\"6dd13b2\" data-element_type=\"widget\" data-e-type=\"widget\" data-widget_type=\"text-editor.default\">\n\t\t\t\t\t\t\t\t\t<p>Pour toute demande : <a href=\"mailto:contact@jardindestraverses.org\">contact@jardindestraverses.org<\/a><\/p>\t\t\t\t\t\t\t\t<\/div>\n\t\t\t\t\t<\/div>\n\t\t\t\t<\/div>\n\t\t\t\t<\/div>\n\t\t","protected":false},"excerpt":{"rendered":"<p>Le site du Jardin des Traverses fait peau neuve \ud83d\udee0\ufe0f Notre site est actuellement en cours de refonte pour vous offrir une exp\u00e9rience plus belle, plus claire et plus compl\u00e8te. Tr\u00e8s bient\u00f4t, vous pourrez y retrouver : Toute la programmation artistique et culturelle, la carte du bar et du restaurant, nos actualit\u00e9s et \u00e9v\u00e9nements. En [&hellip;]<\/p>\n","protected":false},"author":1,"featured_media":0,"parent":0,"menu_order":0,"comment_status":"closed","ping_status":"closed","template":"elementor_canvas","meta":{"footnotes":""},"folder":[],"class_list":["post-10","page","type-page","status-publish","hentry"],"_links":{"self":[{"href":"https:\/\/jardindestraverses.org\/wp-json\/wp\/v2\/pages\/10","targetHints":{"allow":["GET"]}}],"collection":[{"href":"https:\/\/jardindestraverses.org\/wp-json\/wp\/v2\/pages"}],"about":[{"href":"https:\/\/jardindestraverses.org\/wp-json\/wp\/v2\/types\/page"}],"author":[{"embeddable":true,"href":"https:\/\/jardindestraverses.org\/wp-json\/wp\/v2\/users\/1"}],"replies":[{"embeddable":true,"href":"https:\/\/jardindestraverses.org\/wp-json\/wp\/v2\/comments?post=10"}],"version-history":[{"count":27,"href":"https:\/\/jardindestraverses.org\/wp-json\/wp\/v2\/pages\/10\/revisions"}],"predecessor-version":[{"id":1124,"href":"https:\/\/jardindestraverses.org\/wp-json\/wp\/v2\/pages\/10\/revisions\/1124"}],"wp:attachment":[{"href":"https:\/\/jardindestraverses.org\/wp-json\/wp\/v2\/media?parent=10"}],"wp:term":[{"taxonomy":"folder","embeddable":true,"href":"https:\/\/jardindestraverses.org\/wp-json\/wp\/v2\/folder?post=10"}],"curies":[{"name":"wp","href":"https:\/\/api.w.org\/{rel}","templated":true}]}}